{"id":35,"date":"2017-09-20T10:27:54","date_gmt":"2017-09-20T10:27:54","guid":{"rendered":"http:\/\/carlosadan.net\/?page_id=35"},"modified":"2025-01-27T11:06:37","modified_gmt":"2025-01-27T11:06:37","slug":"35-2","status":"publish","type":"page","link":"https:\/\/calaran.net\/","title":{"rendered":"Inicio"},"content":{"rendered":"\n<p>\u00a1Hola!<\/p>\n\n\n\n<p>Soy un dise\u00f1ador y desarrollador de aplicaciones y juegos con m\u00e1s de una d\u00e9cada de experiencia, y m\u00e1s de dos cuatro concretamente en el sector de los videojuegos. Recientemente trabaj\u00e9 como Senior Unity Developer en Save Games, donde particip\u00e9 en el desarrollo de diversos proyectos multimedia y videojuegos, aunque en ocasiones tambi\u00e9n pude alternar mi rol con el de Game Designer si la situaci\u00f3n y el proyecto lo permit\u00eda, adem\u00e1s de hacer las veces de mentor de otros desarrolladores m\u00e1s noveles. Adem\u00e1s de eso imparto clases en los <a href=\"https:\/\/www.savegames.es\/learning\/\">cursos online<\/a> de Save Games.<\/p>\n\n\n\n<p>Por otro lado adem\u00e1s de jugar (mayormente a videojuegos) en mis ratos libres me dedico al dise\u00f1o y programaci\u00f3n de peque\u00f1os juegos, algunos de los cuales se pueden descargar en <a href=\"https:\/\/cal-aran.itch.io\/\">itch.io<\/a>, o de niveles, teniendo siempre en mente la experiencia final de cara al jugador, con eventos y detalles divertidos e inesperados. Me gusta a\u00f1adir un componente narrativo as\u00ed como plantear peque\u00f1os retos que a\u00f1adan variedad y ayuden a proporcionar una jugabilidad m\u00e1s profunda, aunque por supuesto ofreciendo tambi\u00e9n ciertas facilidades al jugador.<\/p>\n\n\n\n<p>Me entusiasma trabajar en un ambiente colaborativo y creativo, donde adem\u00e1s mis cualidades sean de ayuda al equipo.<\/p>\n\n\n\n<p><strong><span style=\"color: #1293b0;\">Para ver con detalle el trabajo expuesto basta con hacer clic en las im\u00e1genes.<\/span><\/strong><\/p>\n\n\n\n<figure class=\"wp-block-image size-large is-resized\"><img loading=\"lazy\" decoding=\"async\" width=\"1024\" height=\"127\" src=\"https:\/\/calaran.net\/wp-content\/uploads\/2025\/01\/new-Proyectos-Profesionales-ES-1024x127.png\" alt=\"\" class=\"wp-image-516\" style=\"width:443px;height:auto\" srcset=\"https:\/\/calaran.net\/wp-content\/uploads\/2025\/01\/new-Proyectos-Profesionales-ES-1024x127.png 1024w, https:\/\/calaran.net\/wp-content\/uploads\/2025\/01\/new-Proyectos-Profesionales-ES-300x37.png 300w, https:\/\/calaran.net\/wp-content\/uploads\/2025\/01\/new-Proyectos-Profesionales-ES-768x95.png 768w, https:\/\/calaran.net\/wp-content\/uploads\/2025\/01\/new-Proyectos-Profesionales-ES-150x19.png 150w, https:\/\/calaran.net\/wp-content\/uploads\/2025\/01\/new-Proyectos-Profesionales-ES.png 1208w\" sizes=\"auto, (max-width: 1024px) 100vw, 1024px\" \/><\/figure>\n\n\n\n<div class=\"wp-block-columns are-vertically-aligned-center is-layout-flex wp-container-core-columns-is-layout-1 wp-block-columns-is-layout-flex\">\n<div class=\"wp-block-column is-vertically-aligned-center is-layout-flow wp-block-column-is-layout-flow\" style=\"flex-basis:50%\">\n<figure class=\"wp-block-image\"><a href=\"https:\/\/www.savegames.es\/studio\/\"><img decoding=\"async\" src=\"https:\/\/www.savegames.es\/wp-content\/uploads\/2024\/12\/Thumbnail-Soccer-Cards-16-9-1.png.webp\" alt=\"\"\/><\/a><\/figure>\n\n\n\n<p class=\"has-text-align-center\">Senior Unity Developer\/Game Designer<\/p>\n<\/div>\n\n\n\n<div class=\"wp-block-column is-vertically-aligned-center is-layout-flow wp-block-column-is-layout-flow\" style=\"flex-basis:50%\">\n<p><img loading=\"lazy\" decoding=\"async\" width=\"150\" height=\"47\" class=\"wp-image-517\" style=\"width: 150px;\" src=\"https:\/\/calaran.net\/wp-content\/uploads\/2025\/01\/SGBlanco-1024x321-1.png\" alt=\"\" srcset=\"https:\/\/calaran.net\/wp-content\/uploads\/2025\/01\/SGBlanco-1024x321-1.png 1024w, https:\/\/calaran.net\/wp-content\/uploads\/2025\/01\/SGBlanco-1024x321-1-300x94.png 300w, https:\/\/calaran.net\/wp-content\/uploads\/2025\/01\/SGBlanco-1024x321-1-768x241.png 768w, https:\/\/calaran.net\/wp-content\/uploads\/2025\/01\/SGBlanco-1024x321-1-150x47.png 150w\" sizes=\"auto, (max-width: 150px) 100vw, 150px\" \/><\/p>\n\n\n\n<figure class=\"wp-block-image size-large is-resized\"><a href=\"https:\/\/play.google.com\/store\/apps\/details?id=com.savegames.futbolcartas&amp;pcampaignid=web_share\"><img decoding=\"async\" src=\"https:\/\/upload.wikimedia.org\/wikipedia\/commons\/thumb\/7\/78\/Google_Play_Store_badge_EN.svg\/2560px-Google_Play_Store_badge_EN.svg.png\" alt=\"\" style=\"width:195px;height:auto\"\/><\/a><\/figure>\n<\/div>\n<\/div>\n\n\n\n<div class=\"wp-block-columns are-vertically-aligned-center is-layout-flex wp-container-core-columns-is-layout-2 wp-block-columns-is-layout-flex\">\n<div class=\"wp-block-column is-vertically-aligned-center is-layout-flow wp-block-column-is-layout-flow\" style=\"flex-basis:50%\">\n<figure class=\"wp-block-image size-large\"><a href=\"https:\/\/www.savegames.es\/project\/totem-interactivo-betis\/\"><img decoding=\"async\" src=\"https:\/\/www.savegames.es\/wp-content\/uploads\/2023\/08\/Imagenes-Totem-Muestra.jpg\" alt=\"\"\/><\/a><\/figure>\n\n\n\n<p class=\"has-text-align-center\">Senior Unity Developer<\/p>\n<\/div>\n\n\n\n<div class=\"wp-block-column is-vertically-aligned-center is-layout-flow wp-block-column-is-layout-flow\" style=\"flex-basis:50%\">\n<p>T\u00f3tem interactivo para el Real Betis Balompi\u00e9<br><\/p>\n\n\n\n<p><img loading=\"lazy\" decoding=\"async\" width=\"150\" height=\"47\" class=\"wp-image-523\" style=\"width: 150px;\" src=\"https:\/\/calaran.net\/wp-content\/uploads\/2025\/01\/ColorSGdevBlanco-1024x321.png.webp\" alt=\"\" srcset=\"https:\/\/calaran.net\/wp-content\/uploads\/2025\/01\/ColorSGdevBlanco-1024x321.png.webp 1024w, https:\/\/calaran.net\/wp-content\/uploads\/2025\/01\/ColorSGdevBlanco-1024x321.png-300x94.webp 300w, https:\/\/calaran.net\/wp-content\/uploads\/2025\/01\/ColorSGdevBlanco-1024x321.png-768x241.webp 768w, https:\/\/calaran.net\/wp-content\/uploads\/2025\/01\/ColorSGdevBlanco-1024x321.png-150x47.webp 150w\" sizes=\"auto, (max-width: 150px) 100vw, 150px\" \/><\/p>\n<\/div>\n<\/div>\n\n\n\n<figure class=\"wp-block-image size-large is-resized\"><img loading=\"lazy\" decoding=\"async\" width=\"1024\" height=\"139\" src=\"https:\/\/calaran.net\/wp-content\/uploads\/2025\/01\/new-Proyectos-Personales-ES-1024x139.png\" alt=\"\" class=\"wp-image-515\" style=\"width:395px;height:auto\" srcset=\"https:\/\/calaran.net\/wp-content\/uploads\/2025\/01\/new-Proyectos-Personales-ES-1024x139.png 1024w, https:\/\/calaran.net\/wp-content\/uploads\/2025\/01\/new-Proyectos-Personales-ES-300x41.png 300w, https:\/\/calaran.net\/wp-content\/uploads\/2025\/01\/new-Proyectos-Personales-ES-768x105.png 768w, https:\/\/calaran.net\/wp-content\/uploads\/2025\/01\/new-Proyectos-Personales-ES-1536x209.png 1536w, https:\/\/calaran.net\/wp-content\/uploads\/2025\/01\/new-Proyectos-Personales-ES-2048x279.png 2048w, https:\/\/calaran.net\/wp-content\/uploads\/2025\/01\/new-Proyectos-Personales-ES-150x20.png 150w\" sizes=\"auto, (max-width: 1024px) 100vw, 1024px\" \/><\/figure>\n\n\n\n<!-- Final Tiles Grid Gallery for WordPress v3.6.1 free -->\n\n<style>\n#ftg-11 .tile { border: 1px solid #000000; }\n#ftg-11 .tile .icon { color:#ffffff; }\n#ftg-11 .ftg-items .loading-bar i { background:#070707; }\n#ftg-11 .ftg-items .loading-bar { background:#161616; }\n#ftg-11 .tile .icon { font-size:12px; }\n#ftg-11 .tile .icon { margin: -6px 0 0 -6px; }\n#ftg-11 .tile .caption-block .text-wrapper span.text { font-size:12px; }\n#ftg-11 .tile .caption-outside .text-wrapper span.text { font-size:12px; }\n#ftg-11 .tile .caption-block .text-wrapper span.title { font-size:14px; }\n#ftg-11 .tile .caption-outside .text-wrapper span.title { font-size:14px; }\n#ftg-11 .tile { background-color: transparent; }\n#ftg-11 .tile .caption-block .text-wrapper span.text { color: #ffffff; }\n#ftg-11 .tile .caption-block .text-wrapper span.title { color: #ffffff; }\n#ftg-11 .tile .caption-outside .text-wrapper span.text { color: #ffffff; }\n#ftg-11 .tile .caption-outside .text-wrapper span.title { color: #ffffff; }\n#ftg-11 .tile .ftg-social a { color: #ffffff; }\n#ftg-11 .tile { border-radius: 1px; }\n#ftg-11 .tile .caption-block { transition-timing-function:ease; }\n#ftg-11 .tile .caption-block { transition-duration:0.25s; }\n#ftg-11 .tile .tile-inner:before { background-color: #000000; }\n#ftg-11 .tile .tile-inner:before { background-color: rgba(0, 0, 0, 0.8); }\n#ftg-11 .tile:hover img {\n\t-moz-transform: -moz-rotate(0deg) -moz-scale(0) ;\n\t-webkit-transform: -webkit-rotate(0deg) -webkit-scale(0) ;\n\t-o-transform: -o-rotate(0deg) -o-scale(0) ;\n\t-ms-transform: -ms-rotate(0deg) -ms-scale(0) ;\n\ttransform: rotate(0deg) scale(0) ;\n}\n<\/style>\n<a name=\"1\"><\/a><div class=\"final-tiles-gallery  ftg-hover-enabled caption-inside  caption-none caption-middle caption-center\" id=\"ftg-11\" style=\"width: 100%\">\n<div class='ftg-items'>\n\t<div class='loading-bar'><i><\/i><\/div>\n<div  class='tile ftg-preload  '>\n<a title=\"\"  rel='ftg-11' target='_self' class=' tile-inner  ' href='https:\/\/calaran.net\/?page_id=460' >\n<img alt='Metroid Adventure of Samus' class='item skip-lazy' data-class='item' data-ftg-source='https:\/\/calaran.net\/wp-content\/uploads\/2022\/01\/GameTitle.png' src='https:\/\/calaran.net\/wp-content\/uploads\/2022\/01\/GameTitle.png' width='285' height='200' \/>\n<\/a>\n<div class='ftg-social'>\n<\/div>\n<\/div>\n<div  class='tile ftg-preload  '>\n<a title=\"\"  rel='ftg-11' target='_self' class=' tile-inner  ' href='https:\/\/calaran.net\/?page_id=421' >\n<img alt='NOLAIKA' class='item skip-lazy' data-class='item' data-ftg-source='https:\/\/calaran.net\/wp-content\/uploads\/2022\/01\/NOLAIKA-1.png' src='https:\/\/calaran.net\/wp-content\/uploads\/2022\/01\/NOLAIKA-1.png' width='285' height='200' \/>\n<\/a>\n<div class='ftg-social'>\n<\/div>\n<\/div>\n<div  class='tile ftg-preload  '>\n<a title=\"\"  rel='ftg-11' target='_self' class=' tile-inner  ' href='https:\/\/calaran.net\/?page_id=116' >\n<img alt='' class='item skip-lazy' data-class='item' data-ftg-source='https:\/\/calaran.net\/wp-content\/uploads\/2017\/09\/iWantMyRoomBase.png' src='https:\/\/calaran.net\/wp-content\/uploads\/2017\/09\/iWantMyRoomBase.png' width='285' height='200' \/>\n<\/a>\n<div class='ftg-social'>\n<\/div>\n<\/div>\n<div  class='tile ftg-preload  '>\n<a title=\"\"  rel='ftg-11' target='_self' class=' tile-inner  ' href='https:\/\/calaran.net\/?page_id=238' >\n<img alt='Go! Go! Pixel' class='item skip-lazy' data-class='item' data-ftg-source='https:\/\/calaran.net\/wp-content\/uploads\/2018\/01\/GoGoPixelTitleFinal.jpg' src='https:\/\/calaran.net\/wp-content\/uploads\/2018\/01\/GoGoPixelTitleFinal.jpg' width='285' height='200' \/>\n<\/a>\n<div class='ftg-social'>\n<\/div>\n<\/div>\n<div  class='tile ftg-preload  '>\n<a title=\"\"  rel='ftg-11' target='_self' class=' tile-inner  ' href='https:\/\/calaran.net\/?page_id=221' >\n<img alt='Survival Arena' class='item skip-lazy' data-class='item' data-ftg-source='https:\/\/calaran.net\/wp-content\/uploads\/2017\/12\/SurvivalArenaTitle2.png' src='https:\/\/calaran.net\/wp-content\/uploads\/2017\/12\/SurvivalArenaTitle2.png' width='285' height='200' \/>\n<\/a>\n<div class='ftg-social'>\n<\/div>\n<\/div>\n<\/div>\n<\/div>\n\n\n\n\n<hr class=\"wp-block-separator has-text-color has-black-color has-css-opacity has-black-background-color has-background aligncenter is-style-default\"\/>\n\n\n\n<p>\u00a1No te olvides de visitar mi perfil en itch.io!<\/p>\n\n\n\n<p> <a href=\"https:\/\/cal-aran.itch.io\/\" target=\"_blank\" rel=\"noreferrer noopener\"><img loading=\"lazy\" decoding=\"async\" width=\"150\" height=\"46\" class=\"wp-image-485\" style=\"width: 150px;\" src=\"https:\/\/carlosadan.net\/wp-content\/uploads\/2022\/01\/badge-color.png\" alt=\"\" srcset=\"https:\/\/calaran.net\/wp-content\/uploads\/2022\/01\/badge-color.png 740w, https:\/\/calaran.net\/wp-content\/uploads\/2022\/01\/badge-color-300x92.png 300w, https:\/\/calaran.net\/wp-content\/uploads\/2022\/01\/badge-color-150x46.png 150w\" sizes=\"auto, (max-width: 150px) 100vw, 150px\" \/><\/a><\/p>\n","protected":false},"excerpt":{"rendered":"<p>\u00a1Hola! Soy un dise\u00f1ador y desarrollador de aplicaciones y juegos con m\u00e1s de una d\u00e9cada de experiencia, y m\u00e1s de dos cuatro concretamente en el sector de los videojuegos. Recientemente trabaj\u00e9 como Senior Unity Developer en Save Games, donde particip\u00e9 en el desarrollo de diversos proyectos multimedia y videojuegos, aunque\u2026<\/p>\n<p class=\"continue-reading-button\"> <a class=\"continue-reading-link\" href=\"https:\/\/calaran.net\/\">Continue reading<i class=\"crycon-right-dir\"><\/i><\/a><\/p>\n","protected":false},"author":1,"featured_media":0,"parent":0,"menu_order":0,"comment_status":"closed","ping_status":"closed","template":"","meta":{"footnotes":""},"class_list":["post-35","page","type-page","status-publish","hentry"],"_links":{"self":[{"href":"https:\/\/calaran.net\/index.php?rest_route=\/wp\/v2\/pages\/35","targetHints":{"allow":["GET"]}}],"collection":[{"href":"https:\/\/calaran.net\/index.php?rest_route=\/wp\/v2\/pages"}],"about":[{"href":"https:\/\/calaran.net\/index.php?rest_route=\/wp\/v2\/types\/page"}],"author":[{"embeddable":true,"href":"https:\/\/calaran.net\/index.php?rest_route=\/wp\/v2\/users\/1"}],"replies":[{"embeddable":true,"href":"https:\/\/calaran.net\/index.php?rest_route=%2Fwp%2Fv2%2Fcomments&post=35"}],"version-history":[{"count":60,"href":"https:\/\/calaran.net\/index.php?rest_route=\/wp\/v2\/pages\/35\/revisions"}],"predecessor-version":[{"id":537,"href":"https:\/\/calaran.net\/index.php?rest_route=\/wp\/v2\/pages\/35\/revisions\/537"}],"wp:attachment":[{"href":"https:\/\/calaran.net\/index.php?rest_route=%2Fwp%2Fv2%2Fmedia&parent=35"}],"curies":[{"name":"wp","href":"https:\/\/api.w.org\/{rel}","templated":true}]}}